{"id":1138,"date":"2022-01-04T15:37:09","date_gmt":"2022-01-04T14:37:09","guid":{"rendered":"https:\/\/www.inspiritmutua.com\/?page_id=1138"},"modified":"2025-08-29T11:56:05","modified_gmt":"2025-08-29T10:56:05","slug":"inspirit-mutua-el-seguro-para-jovenes","status":"publish","type":"page","link":"https:\/\/www.inspiritmutua.com\/es\/","title":{"rendered":"Inspirit Mutua &#8211; El seguro para j\u00f3venes"},"content":{"rendered":"\t\t<div data-elementor-type=\"wp-page\" data-elementor-id=\"1138\" class=\"elementor elementor-1138\" data-elementor-post-type=\"page\">\n\t\t\t\t\t\t<section class=\"elementor-section elementor-top-section elementor-element elementor-element-9d9388f elementor-section-full_width elementor-section-height-default elementor-section-height-default\" data-id=\"9d9388f\" data-element_type=\"section\">\n\t\t\t\t\t\t<div class=\"elementor-container elementor-column-gap-default\">\n\t\t\t\t\t<div class=\"elementor-column elementor-col-100 elementor-top-column elementor-element elementor-element-bc1895e\" data-id=\"bc1895e\" data-element_type=\"column\">\n\t\t\t<div class=\"elementor-widget-wrap elementor-element-populated\">\n\t\t\t\t\t\t<div class=\"elementor-element elementor-element-686e6a9 elementor-arrows-position-inside elementor-widget elementor-widget-image-carousel\" data-id=\"686e6a9\" data-element_type=\"widget\" data-settings=\"{&quot;slides_to_show&quot;:&quot;1&quot;,&quot;navigation&quot;:&quot;arrows&quot;,&quot;autoplay_speed&quot;:4000,&quot;autoplay&quot;:&quot;yes&quot;,&quot;pause_on_hover&quot;:&quot;yes&quot;,&quot;pause_on_interaction&quot;:&quot;yes&quot;,&quot;infinite&quot;:&quot;yes&quot;,&quot;effect&quot;:&quot;slide&quot;,&quot;speed&quot;:500}\" data-widget_type=\"image-carousel.default\">\n\t\t\t\t<div class=\"elementor-widget-container\">\n\t\t\t\t\t\t\t<div class=\"elementor-image-carousel-wrapper swiper\" role=\"region\" aria-roledescription=\"carousel\" aria-label=\"Image Carousel\" dir=\"ltr\">\n\t\t\t<div class=\"elementor-image-carousel swiper-wrapper swiper-image-stretch\" aria-live=\"off\">\n\t\t\t\t\t\t\t\t<div class=\"swiper-slide\" role=\"group\" aria-roledescription=\"slide\" aria-label=\"1 of 4\"><figure class=\"swiper-slide-inner\"><img decoding=\"async\" class=\"swiper-slide-image\" src=\"https:\/\/www.inspiritmutua.com\/wp-content\/uploads\/2022\/07\/4.jpg\" alt=\"4\" \/><\/figure><\/div><div class=\"swiper-slide\" role=\"group\" aria-roledescription=\"slide\" aria-label=\"2 of 4\"><figure class=\"swiper-slide-inner\"><img decoding=\"async\" class=\"swiper-slide-image\" src=\"https:\/\/www.inspiritmutua.com\/wp-content\/uploads\/2022\/07\/1.jpg\" alt=\"1\" \/><\/figure><\/div><div class=\"swiper-slide\" role=\"group\" aria-roledescription=\"slide\" aria-label=\"3 of 4\"><figure class=\"swiper-slide-inner\"><img decoding=\"async\" class=\"swiper-slide-image\" src=\"https:\/\/www.inspiritmutua.com\/wp-content\/uploads\/2022\/07\/Insp_edit-3.png\" alt=\"Insp_edit 3\" \/><\/figure><\/div><div class=\"swiper-slide\" role=\"group\" aria-roledescription=\"slide\" aria-label=\"4 of 4\"><figure class=\"swiper-slide-inner\"><img decoding=\"async\" class=\"swiper-slide-image\" src=\"https:\/\/www.inspiritmutua.com\/wp-content\/uploads\/2022\/07\/3.jpg\" alt=\"3\" \/><\/figure><\/div>\t\t\t<\/div>\n\t\t\t\t\t\t\t\t\t\t\t\t<div class=\"elementor-swiper-button elementor-swiper-button-prev\" role=\"button\" tabindex=\"0\">\n\t\t\t\t\t\t<i aria-hidden=\"true\" class=\"eicon-chevron-left\"><\/i>\t\t\t\t\t<\/div>\n\t\t\t\t\t<div class=\"elementor-swiper-button elementor-swiper-button-next\" role=\"button\" tabindex=\"0\">\n\t\t\t\t\t\t<i aria-hidden=\"true\" class=\"eicon-chevron-right\"><\/i>\t\t\t\t\t<\/div>\n\t\t\t\t\n\t\t\t\t\t\t\t\t\t<\/div>\n\t\t\t\t\t\t<\/div>\n\t\t\t\t<\/div>\n\t\t\t\t\t<\/div>\n\t\t<\/div>\n\t\t\t\t\t<\/div>\n\t\t<\/section>\n\t\t\t\t<section class=\"elementor-section elementor-top-section elementor-element elementor-element-54bfa00 elementor-section-boxed elementor-section-height-default elementor-section-height-default\" data-id=\"54bfa00\" data-element_type=\"section\">\n\t\t\t\t\t\t<div class=\"elementor-container elementor-column-gap-default\">\n\t\t\t\t\t<div class=\"elementor-column elementor-col-100 elementor-top-column elementor-element elementor-element-56bffc7\" data-id=\"56bffc7\" data-element_type=\"column\">\n\t\t\t<div class=\"elementor-widget-wrap elementor-element-populated\">\n\t\t\t\t\t\t<div class=\"elementor-element elementor-element-21e1886 elementor-widget elementor-widget-heading\" data-id=\"21e1886\" data-element_type=\"widget\" data-widget_type=\"heading.default\">\n\t\t\t\t<div class=\"elementor-widget-container\">\n\t\t\t\t\t<h2 class=\"elementor-heading-title elementor-size-default\">La Mutua, siempre a tu lado<\/h2>\t\t\t\t<\/div>\n\t\t\t\t<\/div>\n\t\t\t\t<div class=\"elementor-element elementor-element-c6d40ec elementor-widget elementor-widget-text-editor\" data-id=\"c6d40ec\" data-element_type=\"widget\" data-widget_type=\"text-editor.default\">\n\t\t\t\t<div class=\"elementor-widget-container\">\n\t\t\t\t\t\t\t\t\t<p class=\"_04xlpA direction-ltr align-start para-style-body\"><span class=\"JsGRdQ\">En <strong>La Mutua de los Ingenieros<\/strong> llevamos m\u00e1s de 60 a\u00f1os acompa\u00f1ando a profesionales de la ingenier\u00eda, empresas, emprendedores\/as, asociaciones y colectivos t\u00e9cnicos.<\/span><\/p><p>\u00a0<\/p><p class=\"_04xlpA direction-ltr align-start para-style-body\"><strong><span class=\"JsGRdQ\">Inspirit Mutua<\/span><\/strong><span class=\"JsGRdQ\"> es la marca joven de La Mutua y te acompa\u00f1a durante tus estudios y tu vida laboral y personal.<\/span><\/p>\t\t\t\t\t\t\t\t<\/div>\n\t\t\t\t<\/div>\n\t\t\t\t\t<\/div>\n\t\t<\/div>\n\t\t\t\t\t<\/div>\n\t\t<\/section>\n\t\t\t\t<section class=\"elementor-section elementor-top-section elementor-element elementor-element-c923dfd elementor-section-boxed elementor-section-height-default elementor-section-height-default\" data-id=\"c923dfd\" data-element_type=\"section\" id=\"03\">\n\t\t\t\t\t\t<div class=\"elementor-container elementor-column-gap-default\">\n\t\t\t\t\t<div class=\"elementor-column elementor-col-100 elementor-top-column elementor-element elementor-element-79d1639\" data-id=\"79d1639\" data-element_type=\"column\">\n\t\t\t<div class=\"elementor-widget-wrap elementor-element-populated\">\n\t\t\t\t\t\t<section class=\"elementor-section elementor-inner-section elementor-element elementor-element-2084f92 elementor-section-boxed elementor-section-height-default elementor-section-height-default\" data-id=\"2084f92\" data-element_type=\"section\">\n\t\t\t\t\t\t<div class=\"elementor-container elementor-column-gap-default\">\n\t\t\t\t\t<div class=\"elementor-column elementor-col-100 elementor-inner-column elementor-element elementor-element-ad7d85e\" data-id=\"ad7d85e\" data-element_type=\"column\" data-settings=\"{&quot;background_background&quot;:&quot;classic&quot;}\">\n\t\t\t<div class=\"elementor-widget-wrap elementor-element-populated\">\n\t\t\t\t\t\t<div class=\"elementor-element elementor-element-4909238 elementor-widget elementor-widget-heading\" data-id=\"4909238\" data-element_type=\"widget\" data-widget_type=\"heading.default\">\n\t\t\t\t<div class=\"elementor-widget-container\">\n\t\t\t\t\t<p class=\"elementor-heading-title elementor-size-default\">Para tu vida<\/p>\t\t\t\t<\/div>\n\t\t\t\t<\/div>\n\t\t\t\t\t<\/div>\n\t\t<\/div>\n\t\t\t\t\t<\/div>\n\t\t<\/section>\n\t\t\t\t<section class=\"elementor-section elementor-inner-section elementor-element elementor-element-ffb9c83 elementor-section-height-min-height elementor-section-boxed elementor-section-height-default\" data-id=\"ffb9c83\" data-element_type=\"section\">\n\t\t\t\t\t\t<div class=\"elementor-container elementor-column-gap-default\">\n\t\t\t\t\t<div class=\"elementor-column elementor-col-50 elementor-inner-column elementor-element elementor-element-94e3ba4\" data-id=\"94e3ba4\" data-element_type=\"column\" data-settings=\"{&quot;background_background&quot;:&quot;classic&quot;}\">\n\t\t\t<div class=\"elementor-widget-wrap\">\n\t\t\t\t\t\t\t<\/div>\n\t\t<\/div>\n\t\t\t\t<div class=\"elementor-column elementor-col-50 elementor-inner-column elementor-element elementor-element-27d0589\" data-id=\"27d0589\" data-element_type=\"column\" data-settings=\"{&quot;background_background&quot;:&quot;classic&quot;}\">\n\t\t\t<div class=\"elementor-widget-wrap elementor-element-populated\">\n\t\t\t\t\t\t<div class=\"elementor-element elementor-element-19c5059 elementor-widget elementor-widget-text-editor\" data-id=\"19c5059\" data-element_type=\"widget\" data-widget_type=\"text-editor.default\">\n\t\t\t\t<div class=\"elementor-widget-container\">\n\t\t\t\t\t\t\t\t\t<p><a class=\"blue\" href=\"https:\/\/www.inspiritmutua.com\/tarjeta-inspirit\/\"><strong>TARJETA INSPIRIT MUTUA<\/strong><\/a><\/p>\t\t\t\t\t\t\t\t<\/div>\n\t\t\t\t<\/div>\n\t\t\t\t<div class=\"elementor-element elementor-element-f62ae34 elementor-widget elementor-widget-text-editor\" data-id=\"f62ae34\" data-element_type=\"widget\" data-widget_type=\"text-editor.default\">\n\t\t\t\t<div class=\"elementor-widget-container\">\n\t\t\t\t\t\t\t\t\t<ul><li>Asistencia en viaje con gastos m\u00e9dicos.<\/li><li>Antivirus Bitdefender para 5 dispositivos.<\/li><li>Repatriaci\u00f3n ilimitada.<\/li><li>Gastos m\u00e9dicos originados por deportes de aventura.<\/li><li>Asistencia legal 24 horas.<\/li><li>Descuentos en el alquiler de veh\u00edculos, cultura, moda, ocio y restauraci\u00f3n.<\/li><\/ul>\t\t\t\t\t\t\t\t<\/div>\n\t\t\t\t<\/div>\n\t\t\t\t\t<\/div>\n\t\t<\/div>\n\t\t\t\t\t<\/div>\n\t\t<\/section>\n\t\t\t\t\t<\/div>\n\t\t<\/div>\n\t\t\t\t\t<\/div>\n\t\t<\/section>\n\t\t\t\t<section class=\"elementor-section elementor-top-section elementor-element elementor-element-fb929aa elementor-section-boxed elementor-section-height-default elementor-section-height-default\" data-id=\"fb929aa\" data-element_type=\"section\" id=\"02\">\n\t\t\t\t\t\t<div class=\"elementor-container elementor-column-gap-default\">\n\t\t\t\t\t<div class=\"elementor-column elementor-col-100 elementor-top-column elementor-element elementor-element-1cd76dd\" data-id=\"1cd76dd\" data-element_type=\"column\">\n\t\t\t<div class=\"elementor-widget-wrap elementor-element-populated\">\n\t\t\t\t\t\t<section class=\"elementor-section elementor-inner-section elementor-element elementor-element-57d0fb6 elementor-section-boxed elementor-section-height-default elementor-section-height-default\" data-id=\"57d0fb6\" data-element_type=\"section\">\n\t\t\t\t\t\t<div class=\"elementor-container elementor-column-gap-default\">\n\t\t\t\t\t<div class=\"elementor-column elementor-col-100 elementor-inner-column elementor-element elementor-element-57a86a3\" data-id=\"57a86a3\" data-element_type=\"column\" data-settings=\"{&quot;background_background&quot;:&quot;classic&quot;}\">\n\t\t\t<div class=\"elementor-widget-wrap elementor-element-populated\">\n\t\t\t\t\t\t<div class=\"elementor-element elementor-element-70a3e6e elementor-widget elementor-widget-heading\" data-id=\"70a3e6e\" data-element_type=\"widget\" data-widget_type=\"heading.default\">\n\t\t\t\t<div class=\"elementor-widget-container\">\n\t\t\t\t\t<p class=\"elementor-heading-title elementor-size-default\">Para tI<\/p>\t\t\t\t<\/div>\n\t\t\t\t<\/div>\n\t\t\t\t\t<\/div>\n\t\t<\/div>\n\t\t\t\t\t<\/div>\n\t\t<\/section>\n\t\t\t\t<section class=\"elementor-section elementor-inner-section elementor-element elementor-element-8c6f9d5 elementor-section-height-min-height elementor-section-boxed elementor-section-height-default\" data-id=\"8c6f9d5\" data-element_type=\"section\">\n\t\t\t\t\t\t<div class=\"elementor-container elementor-column-gap-default\">\n\t\t\t\t\t<div class=\"elementor-column elementor-col-50 elementor-inner-column elementor-element elementor-element-5fbe7f4\" data-id=\"5fbe7f4\" data-element_type=\"column\" data-settings=\"{&quot;background_background&quot;:&quot;classic&quot;}\">\n\t\t\t<div class=\"elementor-widget-wrap\">\n\t\t\t\t\t\t\t<\/div>\n\t\t<\/div>\n\t\t\t\t<div class=\"elementor-column elementor-col-50 elementor-inner-column elementor-element elementor-element-614d076\" data-id=\"614d076\" data-element_type=\"column\" data-settings=\"{&quot;background_background&quot;:&quot;classic&quot;}\">\n\t\t\t<div class=\"elementor-widget-wrap elementor-element-populated\">\n\t\t\t\t\t\t<div class=\"elementor-element elementor-element-b141a11 elementor-widget elementor-widget-text-editor\" data-id=\"b141a11\" data-element_type=\"widget\" data-widget_type=\"text-editor.default\">\n\t\t\t\t<div class=\"elementor-widget-container\">\n\t\t\t\t\t\t\t\t\t<ul><li><a class=\"blue\" href=\"https:\/\/www.mutua-enginyers.com\/es\/particulars\/seguros_personales\/seguros_de_vida\/vida_inspirit\" target=\"_blank\" rel=\"noopener\">Seguro de vida<\/a>, renta de invalidez, accidentes, baja laboral, dependencia, gastos quir\u00fargicos y renta de estudios.<\/li><li><a class=\"blue\" href=\"https:\/\/www.mutua-enginyers.com\/es\/particulares\/jovenes\/salud-inspirit\" target=\"_blank\" rel=\"noopener\">Seguro m\u00e9dico Inspirit Salud<\/a>.<\/li><li><a class=\"blue\" href=\"https:\/\/www.mutua-enginyers.com\/es\/particulares\/seguros-de-danos-materiales\/seguro-de-coche\" target=\"_blank\" rel=\"noopener\">Seguro de coches<\/a>, motos, bicicletas, patinetes, hogar&#8230;<\/li><li>Seguro ERASMUS.<\/li><\/ul>\t\t\t\t\t\t\t\t<\/div>\n\t\t\t\t<\/div>\n\t\t\t\t\t<\/div>\n\t\t<\/div>\n\t\t\t\t\t<\/div>\n\t\t<\/section>\n\t\t\t\t\t<\/div>\n\t\t<\/div>\n\t\t\t\t\t<\/div>\n\t\t<\/section>\n\t\t\t\t<section class=\"elementor-section elementor-top-section elementor-element elementor-element-4eabc84 elementor-section-boxed elementor-section-height-default elementor-section-height-default\" data-id=\"4eabc84\" data-element_type=\"section\" id=\"01\">\n\t\t\t\t\t\t<div class=\"elementor-container elementor-column-gap-default\">\n\t\t\t\t\t<div class=\"elementor-column elementor-col-100 elementor-top-column elementor-element elementor-element-fca6bd2\" data-id=\"fca6bd2\" data-element_type=\"column\">\n\t\t\t<div class=\"elementor-widget-wrap elementor-element-populated\">\n\t\t\t\t\t\t<section class=\"elementor-section elementor-inner-section elementor-element elementor-element-288885d elementor-section-boxed elementor-section-height-default elementor-section-height-default\" data-id=\"288885d\" data-element_type=\"section\" data-settings=\"{&quot;background_background&quot;:&quot;classic&quot;}\">\n\t\t\t\t\t\t<div class=\"elementor-container elementor-column-gap-default\">\n\t\t\t\t\t<div class=\"elementor-column elementor-col-100 elementor-inner-column elementor-element elementor-element-d40bd5c\" data-id=\"d40bd5c\" data-element_type=\"column\" data-settings=\"{&quot;background_background&quot;:&quot;classic&quot;}\">\n\t\t\t<div class=\"elementor-widget-wrap elementor-element-populated\">\n\t\t\t\t\t\t<div class=\"elementor-element elementor-element-a2dc00b elementor-widget elementor-widget-heading\" data-id=\"a2dc00b\" data-element_type=\"widget\" data-widget_type=\"heading.default\">\n\t\t\t\t<div class=\"elementor-widget-container\">\n\t\t\t\t\t<p class=\"elementor-heading-title elementor-size-default\">Para tu TRABAJO<\/p>\t\t\t\t<\/div>\n\t\t\t\t<\/div>\n\t\t\t\t\t<\/div>\n\t\t<\/div>\n\t\t\t\t\t<\/div>\n\t\t<\/section>\n\t\t\t\t<section class=\"elementor-section elementor-inner-section elementor-element elementor-element-eb35d3b elementor-section-height-min-height elementor-section-boxed elementor-section-height-default\" data-id=\"eb35d3b\" data-element_type=\"section\">\n\t\t\t\t\t\t<div class=\"elementor-container elementor-column-gap-default\">\n\t\t\t\t\t<div class=\"elementor-column elementor-col-50 elementor-inner-column elementor-element elementor-element-4a74bfa\" data-id=\"4a74bfa\" data-element_type=\"column\" data-settings=\"{&quot;background_background&quot;:&quot;classic&quot;}\">\n\t\t\t<div class=\"elementor-widget-wrap\">\n\t\t\t\t\t\t\t<\/div>\n\t\t<\/div>\n\t\t\t\t<div class=\"elementor-column elementor-col-50 elementor-inner-column elementor-element elementor-element-503b77e\" data-id=\"503b77e\" data-element_type=\"column\" data-settings=\"{&quot;background_background&quot;:&quot;classic&quot;}\">\n\t\t\t<div class=\"elementor-widget-wrap elementor-element-populated\">\n\t\t\t\t\t\t<div class=\"elementor-element elementor-element-172b13c elementor-widget elementor-widget-text-editor\" data-id=\"172b13c\" data-element_type=\"widget\" data-widget_type=\"text-editor.default\">\n\t\t\t\t<div class=\"elementor-widget-container\">\n\t\t\t\t\t\t\t\t\t<p><strong>PARA TU TRABAJO COMO INGENIERO\/A<\/strong><\/p>\t\t\t\t\t\t\t\t<\/div>\n\t\t\t\t<\/div>\n\t\t\t\t<div class=\"elementor-element elementor-element-7611e5b elementor-widget elementor-widget-text-editor\" data-id=\"7611e5b\" data-element_type=\"widget\" data-widget_type=\"text-editor.default\">\n\t\t\t\t<div class=\"elementor-widget-container\">\n\t\t\t\t\t\t\t\t\t<ul>\n \t<li><a href=\"https:\/\/www.mutua-enginyers.com\/es\/alternativareta\" target=\"_blank\" rel=\"noopener\" class=\"blue\">Alternativa al R\u00e9gimen Especial de Trabajadores Aut\u00f3nomos<\/a> con paquetes de prestaciones a medida.<\/li>\n \t<li>Ampliaci\u00f3n Responsabilidad Civil Profesional.<\/li>\n \t<li>Seguros para tu negocio (D&amp;O, riesgos cibern\u00e9ticos&#8230;).<\/li>\n<\/ul>\t\t\t\t\t\t\t\t<\/div>\n\t\t\t\t<\/div>\n\t\t\t\t<div class=\"elementor-element elementor-element-7030c82 elementor-widget elementor-widget-text-editor\" data-id=\"7030c82\" data-element_type=\"widget\" data-widget_type=\"text-editor.default\">\n\t\t\t\t<div class=\"elementor-widget-container\">\n\t\t\t\t\t\t\t\t\t<p><strong>PARA TUS PROYECTOS<\/strong><\/p>\t\t\t\t\t\t\t\t<\/div>\n\t\t\t\t<\/div>\n\t\t\t\t<div class=\"elementor-element elementor-element-f05583e elementor-widget elementor-widget-text-editor\" data-id=\"f05583e\" data-element_type=\"widget\" data-widget_type=\"text-editor.default\">\n\t\t\t\t<div class=\"elementor-widget-container\">\n\t\t\t\t\t\t\t\t\t<ul><li>Coworking.<\/li><li>Digitalizaci\u00f3n de negocios.<\/li><\/ul>\t\t\t\t\t\t\t\t<\/div>\n\t\t\t\t<\/div>\n\t\t\t\t\t<\/div>\n\t\t<\/div>\n\t\t\t\t\t<\/div>\n\t\t<\/section>\n\t\t\t\t\t<\/div>\n\t\t<\/div>\n\t\t\t\t\t<\/div>\n\t\t<\/section>\n\t\t\t\t<section class=\"elementor-section elementor-top-section elementor-element elementor-element-1dc25ec elementor-section-boxed elementor-section-height-default elementor-section-height-default\" data-id=\"1dc25ec\" data-element_type=\"section\" id=\"04\">\n\t\t\t\t\t\t<div class=\"elementor-container elementor-column-gap-default\">\n\t\t\t\t\t<div class=\"elementor-column elementor-col-100 elementor-top-column elementor-element elementor-element-9974e19\" data-id=\"9974e19\" data-element_type=\"column\">\n\t\t\t<div class=\"elementor-widget-wrap elementor-element-populated\">\n\t\t\t\t\t\t<section class=\"elementor-section elementor-inner-section elementor-element elementor-element-76ae85e elementor-section-boxed elementor-section-height-default elementor-section-height-default\" data-id=\"76ae85e\" data-element_type=\"section\">\n\t\t\t\t\t\t<div class=\"elementor-container elementor-column-gap-default\">\n\t\t\t\t\t<div class=\"elementor-column elementor-col-100 elementor-inner-column elementor-element elementor-element-df8ce86\" data-id=\"df8ce86\" data-element_type=\"column\" data-settings=\"{&quot;background_background&quot;:&quot;classic&quot;}\">\n\t\t\t<div class=\"elementor-widget-wrap elementor-element-populated\">\n\t\t\t\t\t\t<div class=\"elementor-element elementor-element-6161ef9 elementor-widget elementor-widget-heading\" data-id=\"6161ef9\" data-element_type=\"widget\" data-widget_type=\"heading.default\">\n\t\t\t\t<div class=\"elementor-widget-container\">\n\t\t\t\t\t<p class=\"elementor-heading-title elementor-size-default\">Para tus ahorros<\/p>\t\t\t\t<\/div>\n\t\t\t\t<\/div>\n\t\t\t\t\t<\/div>\n\t\t<\/div>\n\t\t\t\t\t<\/div>\n\t\t<\/section>\n\t\t\t\t<section class=\"elementor-section elementor-inner-section elementor-element elementor-element-7a3eef8 elementor-section-height-min-height elementor-section-boxed elementor-section-height-default\" data-id=\"7a3eef8\" data-element_type=\"section\">\n\t\t\t\t\t\t<div class=\"elementor-container elementor-column-gap-default\">\n\t\t\t\t\t<div class=\"elementor-column elementor-col-50 elementor-inner-column elementor-element elementor-element-902bc32\" data-id=\"902bc32\" data-element_type=\"column\" data-settings=\"{&quot;background_background&quot;:&quot;classic&quot;}\">\n\t\t\t<div class=\"elementor-widget-wrap\">\n\t\t\t\t\t\t\t<\/div>\n\t\t<\/div>\n\t\t\t\t<div class=\"elementor-column elementor-col-50 elementor-inner-column elementor-element elementor-element-8446883\" data-id=\"8446883\" data-element_type=\"column\" data-settings=\"{&quot;background_background&quot;:&quot;classic&quot;}\">\n\t\t\t<div class=\"elementor-widget-wrap elementor-element-populated\">\n\t\t\t\t\t\t<div class=\"elementor-element elementor-element-95b8bcb elementor-widget elementor-widget-text-editor\" data-id=\"95b8bcb\" data-element_type=\"widget\" data-widget_type=\"text-editor.default\">\n\t\t\t\t<div class=\"elementor-widget-container\">\n\t\t\t\t\t\t\t\t\t<ul><li>Planes de pensiones y de previsi\u00f3n asegurados.<\/li><li><a class=\"blue\" href=\"https:\/\/www.mutua-enginyers.com\/es\/joves\/otros_seguros_ahorro_y_pensiones2\/plan_de_ahorro_jovenes\" target=\"_blank\" rel=\"noopener\">Planes de ahorro<\/a> y fondos de inversi\u00f3n.<\/li><li>Inversiones Socialmente Responsables (ISR).<\/li><li>Adheridos a los principios de la ONU.<\/li><\/ul>\t\t\t\t\t\t\t\t<\/div>\n\t\t\t\t<\/div>\n\t\t\t\t\t<\/div>\n\t\t<\/div>\n\t\t\t\t\t<\/div>\n\t\t<\/section>\n\t\t\t\t\t<\/div>\n\t\t<\/div>\n\t\t\t\t\t<\/div>\n\t\t<\/section>\n\t\t\t\t<section class=\"elementor-section elementor-top-section elementor-element elementor-element-50f9fda elementor-section-boxed elementor-section-height-default elementor-section-height-default\" data-id=\"50f9fda\" data-element_type=\"section\">\n\t\t\t\t\t\t<div class=\"elementor-container elementor-column-gap-default\">\n\t\t\t\t\t<div class=\"elementor-column elementor-col-100 elementor-top-column elementor-element elementor-element-563c35b\" data-id=\"563c35b\" data-element_type=\"column\">\n\t\t\t<div class=\"elementor-widget-wrap elementor-element-populated\">\n\t\t\t\t\t\t<section class=\"elementor-section elementor-inner-section elementor-element elementor-element-ac72658 elementor-section-boxed elementor-section-height-default elementor-section-height-default\" data-id=\"ac72658\" data-element_type=\"section\">\n\t\t\t\t\t\t<div class=\"elementor-container elementor-column-gap-default\">\n\t\t\t\t\t<div class=\"elementor-column elementor-col-100 elementor-inner-column elementor-element elementor-element-f460fcd\" data-id=\"f460fcd\" data-element_type=\"column\">\n\t\t\t<div class=\"elementor-widget-wrap elementor-element-populated\">\n\t\t\t\t\t\t<div class=\"elementor-element elementor-element-9e65cb8 elementor-widget elementor-widget-image\" data-id=\"9e65cb8\" data-element_type=\"widget\" data-widget_type=\"image.default\">\n\t\t\t\t<div class=\"elementor-widget-container\">\n\t\t\t\t\t\t\t\t\t\t\t\t\t\t\t<img fetchpriority=\"high\" decoding=\"async\" width=\"6509\" height=\"1650\" src=\"https:\/\/www.inspiritmutua.com\/wp-content\/uploads\/2024\/08\/Parella_Mutua-Inspirit_cast-06.png\" class=\"attachment-full size-full wp-image-2370\" alt=\"\" srcset=\"https:\/\/www.inspiritmutua.com\/wp-content\/uploads\/2024\/08\/Parella_Mutua-Inspirit_cast-06.png 6509w, https:\/\/www.inspiritmutua.com\/wp-content\/uploads\/2024\/08\/Parella_Mutua-Inspirit_cast-06-300x76.png 300w, https:\/\/www.inspiritmutua.com\/wp-content\/uploads\/2024\/08\/Parella_Mutua-Inspirit_cast-06-1024x260.png 1024w, https:\/\/www.inspiritmutua.com\/wp-content\/uploads\/2024\/08\/Parella_Mutua-Inspirit_cast-06-768x195.png 768w, https:\/\/www.inspiritmutua.com\/wp-content\/uploads\/2024\/08\/Parella_Mutua-Inspirit_cast-06-1536x389.png 1536w, https:\/\/www.inspiritmutua.com\/wp-content\/uploads\/2024\/08\/Parella_Mutua-Inspirit_cast-06-2048x519.png 2048w, https:\/\/www.inspiritmutua.com\/wp-content\/uploads\/2024\/08\/Parella_Mutua-Inspirit_cast-06-18x5.png 18w\" sizes=\"(max-width: 6509px) 100vw, 6509px\" \/>\t\t\t\t\t\t\t\t\t\t\t\t\t\t\t<\/div>\n\t\t\t\t<\/div>\n\t\t\t\t\t<\/div>\n\t\t<\/div>\n\t\t\t\t\t<\/div>\n\t\t<\/section>\n\t\t\t\t\t<\/div>\n\t\t<\/div>\n\t\t\t\t\t<\/div>\n\t\t<\/section>\n\t\t\t\t<\/div>\n\t\t","protected":false},"excerpt":{"rendered":"<p>La Mutua, siempre a tu lado En La Mutua de los Ingenieros llevamos m\u00e1s de 60 a\u00f1os acompa\u00f1ando a profesionales de la ingenier\u00eda, empresas, emprendedores\/as, asociaciones y colectivos t\u00e9cnicos. \u00a0 Inspirit Mutua es la marca joven de La Mutua y te acompa\u00f1a durante tus estudios y tu vida laboral y personal. Para tu vida TARJETA &#8230; <a title=\"Inspirit Mutua &#8211; El seguro para j\u00f3venes\" class=\"read-more\" href=\"https:\/\/www.inspiritmutua.com\/es\/\" aria-label=\"More on Inspirit Mutua &#8211; El seguro para j\u00f3venes\">Read more<\/a><\/p>\n","protected":false},"author":7,"featured_media":0,"parent":0,"menu_order":0,"comment_status":"closed","ping_status":"closed","template":"","meta":{"_joinchat":[],"footnotes":""},"class_list":["post-1138","page","type-page","status-publish"],"_links":{"self":[{"href":"https:\/\/www.inspiritmutua.com\/es\/wp-json\/wp\/v2\/pages\/1138","targetHints":{"allow":["GET"]}}],"collection":[{"href":"https:\/\/www.inspiritmutua.com\/es\/wp-json\/wp\/v2\/pages"}],"about":[{"href":"https:\/\/www.inspiritmutua.com\/es\/wp-json\/wp\/v2\/types\/page"}],"author":[{"embeddable":true,"href":"https:\/\/www.inspiritmutua.com\/es\/wp-json\/wp\/v2\/users\/7"}],"replies":[{"embeddable":true,"href":"https:\/\/www.inspiritmutua.com\/es\/wp-json\/wp\/v2\/comments?post=1138"}],"version-history":[{"count":451,"href":"https:\/\/www.inspiritmutua.com\/es\/wp-json\/wp\/v2\/pages\/1138\/revisions"}],"predecessor-version":[{"id":2406,"href":"https:\/\/www.inspiritmutua.com\/es\/wp-json\/wp\/v2\/pages\/1138\/revisions\/2406"}],"wp:attachment":[{"href":"https:\/\/www.inspiritmutua.com\/es\/wp-json\/wp\/v2\/media?parent=1138"}],"curies":[{"name":"wp","href":"https:\/\/api.w.org\/{rel}","templated":true}]}}